{"id":520,"date":"2025-03-16T14:42:57","date_gmt":"2025-03-16T14:42:57","guid":{"rendered":"https:\/\/tamoudahost.com\/welzijnzorgt\/?page_id=520"},"modified":"2025-04-15T21:10:08","modified_gmt":"2025-04-15T21:10:08","slug":"klacht","status":"publish","type":"page","link":"https:\/\/tamoudahost.com\/welzijnzorgt\/klacht\/","title":{"rendered":"Klacht?"},"content":{"rendered":"\t\t<div data-elementor-type=\"wp-page\" data-elementor-id=\"520\" class=\"elementor elementor-520\" data-elementor-post-type=\"page\">\n\t\t\t\t<div class=\"elementor-element elementor-element-58a2b22 e-flex e-con-boxed e-con e-parent\" data-id=\"58a2b22\" data-element_type=\"container\">\n\t\t\t\t\t<div class=\"e-con-inner\">\n\t\t<div class=\"elementor-element elementor-element-c29347e e-con-full e-flex e-con e-child\" data-id=\"c29347e\" data-element_type=\"container\">\n\t\t\t\t<div class=\"elementor-element elementor-element-0514d1a elementor-widget elementor-widget-heading\" data-id=\"0514d1a\" data-element_type=\"widget\" data-widget_type=\"heading.default\">\n\t\t\t\t<div class=\"elementor-widget-container\">\n\t\t\t\t\t<h2 class=\"elementor-heading-title elementor-size-default\">\nKlacht?\n<\/h2>\t\t\t\t<\/div>\n\t\t\t\t<\/div>\n\t\t\t\t<div class=\"elementor-element elementor-element-ae202ab elementor-widget elementor-widget-heading\" data-id=\"ae202ab\" data-element_type=\"widget\" data-widget_type=\"heading.default\">\n\t\t\t\t<div class=\"elementor-widget-container\">\n\t\t\t\t\t<h4 class=\"elementor-heading-title elementor-size-default\">Wij luisteren graag naar u<\/h4>\t\t\t\t<\/div>\n\t\t\t\t<\/div>\n\t\t\t\t<div class=\"elementor-element elementor-element-c279a9d elementor-widget elementor-widget-text-editor\" data-id=\"c279a9d\" data-element_type=\"widget\" data-widget_type=\"text-editor.default\">\n\t\t\t\t<div class=\"elementor-widget-container\">\n\t\t\t\t\t\t\t\t\t<p>Bij Welzijn Zorgt streven we naar de best mogelijke zorg en ondersteuning. Toch kan het gebeuren dat u ergens niet tevreden over bent. Wij vinden het belangrijk dat u uw ervaring met ons deelt, zodat we samen kunnen zoeken naar een oplossing.<\/p>\t\t\t\t\t\t\t\t<\/div>\n\t\t\t\t<\/div>\n\t\t\t\t<\/div>\n\t\t\t\t\t<\/div>\n\t\t\t\t<\/div>\n\t\t<div class=\"elementor-element elementor-element-d7cc754 e-flex e-con-boxed e-con e-parent\" data-id=\"d7cc754\" data-element_type=\"container\" data-settings=\"{&quot;background_background&quot;:&quot;classic&quot;}\">\n\t\t\t\t\t<div class=\"e-con-inner\">\n\t\t<div class=\"elementor-element elementor-element-0a2fc77 e-con-full e-flex e-con e-child\" data-id=\"0a2fc77\" data-element_type=\"container\">\n\t\t\t\t<div class=\"elementor-element elementor-element-f0c232f elementor-widget elementor-widget-heading\" data-id=\"f0c232f\" data-element_type=\"widget\" data-widget_type=\"heading.default\">\n\t\t\t\t<div class=\"elementor-widget-container\">\n\t\t\t\t\t<h3 class=\"elementor-heading-title elementor-size-default\">Wat kunt u doen bij een klacht?<\/h3>\t\t\t\t<\/div>\n\t\t\t\t<\/div>\n\t\t\t\t<\/div>\n\t\t<div class=\"elementor-element elementor-element-2396d38 e-con-full e-flex e-con e-child\" data-id=\"2396d38\" data-element_type=\"container\">\n\t\t<div class=\"elementor-element elementor-element-83b7cdf e-con-full e-flex e-con e-child\" data-id=\"83b7cdf\" data-element_type=\"container\" data-settings=\"{&quot;background_background&quot;:&quot;classic&quot;}\">\n\t\t\t\t<div class=\"elementor-element elementor-element-0843e46 elementor-widget elementor-widget-heading\" data-id=\"0843e46\" data-element_type=\"widget\" data-widget_type=\"heading.default\">\n\t\t\t\t<div class=\"elementor-widget-container\">\n\t\t\t\t\t<h4 class=\"elementor-heading-title elementor-size-default\">Bespreek het met de betrokken medewerker<\/h4>\t\t\t\t<\/div>\n\t\t\t\t<\/div>\n\t\t\t\t<div class=\"elementor-element elementor-element-25de4e3 elementor-widget elementor-widget-text-editor\" data-id=\"25de4e3\" data-element_type=\"widget\" data-widget_type=\"text-editor.default\">\n\t\t\t\t<div class=\"elementor-widget-container\">\n\t\t\t\t\t\t\t\t\t<p>We raden aan om uw klacht eerst te bespreken met de medewerker die u heeft geholpen. Vaak kan een open gesprek al veel oplossen.<\/p>\t\t\t\t\t\t\t\t<\/div>\n\t\t\t\t<\/div>\n\t\t\t\t<\/div>\n\t\t<div class=\"elementor-element elementor-element-a3291f9 e-con-full e-flex e-con e-child\" data-id=\"a3291f9\" data-element_type=\"container\" data-settings=\"{&quot;background_background&quot;:&quot;classic&quot;}\">\n\t\t\t\t<div class=\"elementor-element elementor-element-f0f9b68 elementor-widget elementor-widget-heading\" data-id=\"f0f9b68\" data-element_type=\"widget\" data-widget_type=\"heading.default\">\n\t\t\t\t<div class=\"elementor-widget-container\">\n\t\t\t\t\t<h4 class=\"elementor-heading-title elementor-size-default\">Komt u er niet uit? Neem contact op met de zorgco\u00f6rdinator <\/h4>\t\t\t\t<\/div>\n\t\t\t\t<\/div>\n\t\t\t\t<div class=\"elementor-element elementor-element-72457f3 elementor-widget elementor-widget-text-editor\" data-id=\"72457f3\" data-element_type=\"widget\" data-widget_type=\"text-editor.default\">\n\t\t\t\t<div class=\"elementor-widget-container\">\n\t\t\t\t\t\t\t\t\t<p>Als uw klacht niet naar tevredenheid wordt opgelost, kunt u contact opnemen met onze zorgco\u00f6rdinator en co\u00f6rdinator Kwaliteit en Cli\u00ebntadvies. Zij gaan samen met u en onze collega naar een passende oplossing zoeken. U kunt ook mailen naar klacht@welzijnzorgt.nl<\/p>\t\t\t\t\t\t\t\t<\/div>\n\t\t\t\t<\/div>\n\t\t\t\t<\/div>\n\t\t\t\t<\/div>\n\t\t<div class=\"elementor-element elementor-element-507d8ff e-con-full e-flex e-con e-child\" data-id=\"507d8ff\" data-element_type=\"container\">\n\t\t<div class=\"elementor-element elementor-element-39a28e5 e-con-full e-flex e-con e-child\" data-id=\"39a28e5\" data-element_type=\"container\" data-settings=\"{&quot;background_background&quot;:&quot;classic&quot;}\">\n\t\t\t\t<div class=\"elementor-element elementor-element-e8849e0 elementor-widget elementor-widget-heading\" data-id=\"e8849e0\" data-element_type=\"widget\" data-widget_type=\"heading.default\">\n\t\t\t\t<div class=\"elementor-widget-container\">\n\t\t\t\t\t<h4 class=\"elementor-heading-title elementor-size-default\">Onafhankelijke klachtenfunctionaris<\/h4>\t\t\t\t<\/div>\n\t\t\t\t<\/div>\n\t\t\t\t<div class=\"elementor-element elementor-element-96d44ba elementor-widget elementor-widget-text-editor\" data-id=\"96d44ba\" data-element_type=\"widget\" data-widget_type=\"text-editor.default\">\n\t\t\t\t<div class=\"elementor-widget-container\">\n\t\t\t\t\t\t\t\t\t<p>Mocht uw klacht na dit contact nog niet naar wens zijn opgelost, dan kunt u zich wenden tot onze onafhankelijke klachtenfunctionaris. Deze functionaris biedt een luisterend oor en bemiddelt waar nodig.<\/p>\t\t\t\t\t\t\t\t<\/div>\n\t\t\t\t<\/div>\n\t\t\t\t<\/div>\n\t\t<div class=\"elementor-element elementor-element-c6fe512 e-con-full e-flex e-con e-child\" data-id=\"c6fe512\" data-element_type=\"container\" data-settings=\"{&quot;background_background&quot;:&quot;classic&quot;}\">\n\t\t\t\t<div class=\"elementor-element elementor-element-b44c381 elementor-widget elementor-widget-heading\" data-id=\"b44c381\" data-element_type=\"widget\" data-widget_type=\"heading.default\">\n\t\t\t\t<div class=\"elementor-widget-container\">\n\t\t\t\t\t<h4 class=\"elementor-heading-title elementor-size-default\">Externe geschilleninstantie<\/h4>\t\t\t\t<\/div>\n\t\t\t\t<\/div>\n\t\t\t\t<div class=\"elementor-element elementor-element-adf59d0 elementor-widget elementor-widget-text-editor\" data-id=\"adf59d0\" data-element_type=\"widget\" data-widget_type=\"text-editor.default\">\n\t\t\t\t<div class=\"elementor-widget-container\">\n\t\t\t\t\t\t\t\t\t<p>Indien er na bemiddeling geen passende oplossing is gevonden, kunt u uw klacht voorleggen aan een externe geschilleninstantie. Via onderstaande knop kunt u deze registreren.<\/p>\t\t\t\t\t\t\t\t<\/div>\n\t\t\t\t<\/div>\n\t\t\t\t<\/div>\n\t\t\t\t<\/div>\n\t\t\t\t\t<\/div>\n\t\t\t\t<\/div>\n\t\t<div class=\"elementor-element elementor-element-2e2c7b5 e-flex e-con-boxed e-con e-parent\" data-id=\"2e2c7b5\" data-element_type=\"container\">\n\t\t\t\t\t<div class=\"e-con-inner\">\n\t\t<div class=\"elementor-element elementor-element-ed9944b e-con-full e-flex e-con e-child\" data-id=\"ed9944b\" data-element_type=\"container\">\n\t\t\t\t<div class=\"elementor-element elementor-element-307aef5 elementor-widget elementor-widget-heading\" data-id=\"307aef5\" data-element_type=\"widget\" data-widget_type=\"heading.default\">\n\t\t\t\t<div class=\"elementor-widget-container\">\n\t\t\t\t\t<h3 class=\"elementor-heading-title elementor-size-default\">Samen werken we aan de beste zorg!<\/h3>\t\t\t\t<\/div>\n\t\t\t\t<\/div>\n\t\t\t\t<\/div>\n\t\t<div class=\"elementor-element elementor-element-5527d1d e-con-full e-flex e-con e-child\" data-id=\"5527d1d\" data-element_type=\"container\">\n\t\t<div class=\"elementor-element elementor-element-16e976e e-con-full e-flex e-con e-child\" data-id=\"16e976e\" data-element_type=\"container\">\n\t\t\t\t<div class=\"elementor-element elementor-element-cfde736 elementor-widget elementor-widget-button\" data-id=\"cfde736\" data-element_type=\"widget\" data-widget_type=\"button.default\">\n\t\t\t\t<div class=\"elementor-widget-container\">\n\t\t\t\t\t\t\t\t\t<div class=\"elementor-button-wrapper\">\n\t\t\t\t\t<a class=\"elementor-button elementor-button-link elementor-size-sm\" href=\"#\">\n\t\t\t\t\t\t<span class=\"elementor-button-content-wrapper\">\n\t\t\t\t\t\t\t\t\t<span class=\"elementor-button-text\">IK WIL MEER WETEN OVER DE KLACHTENREGISTRATIE<\/span>\n\t\t\t\t\t<\/span>\n\t\t\t\t\t<\/a>\n\t\t\t\t<\/div>\n\t\t\t\t\t\t\t\t<\/div>\n\t\t\t\t<\/div>\n\t\t\t\t<\/div>\n\t\t<div class=\"elementor-element elementor-element-b991a8d e-con-full e-flex e-con e-child\" data-id=\"b991a8d\" data-element_type=\"container\">\n\t\t\t\t<div class=\"elementor-element elementor-element-6e63c78 elementor-widget elementor-widget-button\" data-id=\"6e63c78\" data-element_type=\"widget\" data-widget_type=\"button.default\">\n\t\t\t\t<div class=\"elementor-widget-container\">\n\t\t\t\t\t\t\t\t\t<div class=\"elementor-button-wrapper\">\n\t\t\t\t\t<a class=\"elementor-button elementor-button-link elementor-size-sm\" href=\"https:\/\/tamoudahost.com\/welzijnzorgt\/klachten-registratie\/\">\n\t\t\t\t\t\t<span class=\"elementor-button-content-wrapper\">\n\t\t\t\t\t\t\t\t\t<span class=\"elementor-button-text\">IK WIL MIJN KLACHT REGISTREREN<\/span>\n\t\t\t\t\t<\/span>\n\t\t\t\t\t<\/a>\n\t\t\t\t<\/div>\n\t\t\t\t\t\t\t\t<\/div>\n\t\t\t\t<\/div>\n\t\t\t\t<\/div>\n\t\t<div class=\"elementor-element elementor-element-b35e817 e-con-full e-flex e-con e-child\" data-id=\"b35e817\" data-element_type=\"container\">\n\t\t\t\t<div class=\"elementor-element elementor-element-cd04421 elementor-widget elementor-widget-button\" data-id=\"cd04421\" data-element_type=\"widget\" data-widget_type=\"button.default\">\n\t\t\t\t<div class=\"elementor-widget-container\">\n\t\t\t\t\t\t\t\t\t<div class=\"elementor-button-wrapper\">\n\t\t\t\t\t<a class=\"elementor-button elementor-button-link elementor-size-sm\" href=\"https:\/\/welzijnzorgt.nl\/wp-content\/uploads\/2025\/02\/Privacybeleid-Welzijn-Zorgt.pdf\">\n\t\t\t\t\t\t<span class=\"elementor-button-content-wrapper\">\n\t\t\t\t\t\t\t\t\t<span class=\"elementor-button-text\">PRIVACYBELEID DOWNLOADEN<\/span>\n\t\t\t\t\t<\/span>\n\t\t\t\t\t<\/a>\n\t\t\t\t<\/div>\n\t\t\t\t\t\t\t\t<\/div>\n\t\t\t\t<\/div>\n\t\t\t\t<\/div>\n\t\t<div class=\"elementor-element elementor-element-2872e54 e-con-full e-flex e-con e-child\" data-id=\"2872e54\" data-element_type=\"container\">\n\t\t\t\t<div class=\"elementor-element elementor-element-6b57c28 elementor-widget elementor-widget-button\" data-id=\"6b57c28\" data-element_type=\"widget\" data-widget_type=\"button.default\">\n\t\t\t\t<div class=\"elementor-widget-container\">\n\t\t\t\t\t\t\t\t\t<div class=\"elementor-button-wrapper\">\n\t\t\t\t\t<a class=\"elementor-button elementor-button-link elementor-size-sm\" href=\"https:\/\/welzijnzorgt.nl\/wp-content\/uploads\/2025\/02\/Klachtenreglement-Welzijn-Zorgt.pdf\">\n\t\t\t\t\t\t<span class=\"elementor-button-content-wrapper\">\n\t\t\t\t\t\t\t\t\t<span class=\"elementor-button-text\">KLACHTENREGELEMENT DOWNLOADEN<\/span>\n\t\t\t\t\t<\/span>\n\t\t\t\t\t<\/a>\n\t\t\t\t<\/div>\n\t\t\t\t\t\t\t\t<\/div>\n\t\t\t\t<\/div>\n\t\t\t\t<\/div>\n\t\t\t\t<\/div>\n\t\t\t\t\t<\/div>\n\t\t\t\t<\/div>\n\t\t\t\t<\/div>\n\t\t","protected":false},"excerpt":{"rendered":"<p>Klacht? Wij luisteren graag naar u Bij Welzijn Zorgt streven we naar de best mogelijke zorg en ondersteuning. Toch kan het gebeuren dat u ergens niet tevreden over bent. Wij vinden het belangrijk dat u uw ervaring met ons deelt, zodat we samen kunnen zoeken naar een oplossing. Wat kunt u doen bij een klacht? &#8230; <a title=\"Klacht?\" class=\"read-more\" href=\"https:\/\/tamoudahost.com\/welzijnzorgt\/klacht\/\" aria-label=\"Read more about Klacht?\">Read more<\/a><\/p>\n","protected":false},"author":1,"featured_media":0,"parent":0,"menu_order":0,"comment_status":"closed","ping_status":"closed","template":"","meta":{"footnotes":""},"class_list":["post-520","page","type-page","status-publish"],"_links":{"self":[{"href":"https:\/\/tamoudahost.com\/welzijnzorgt\/wp-json\/wp\/v2\/pages\/520","targetHints":{"allow":["GET"]}}],"collection":[{"href":"https:\/\/tamoudahost.com\/welzijnzorgt\/wp-json\/wp\/v2\/pages"}],"about":[{"href":"https:\/\/tamoudahost.com\/welzijnzorgt\/wp-json\/wp\/v2\/types\/page"}],"author":[{"embeddable":true,"href":"https:\/\/tamoudahost.com\/welzijnzorgt\/wp-json\/wp\/v2\/users\/1"}],"replies":[{"embeddable":true,"href":"https:\/\/tamoudahost.com\/welzijnzorgt\/wp-json\/wp\/v2\/comments?post=520"}],"version-history":[{"count":22,"href":"https:\/\/tamoudahost.com\/welzijnzorgt\/wp-json\/wp\/v2\/pages\/520\/revisions"}],"predecessor-version":[{"id":806,"href":"https:\/\/tamoudahost.com\/welzijnzorgt\/wp-json\/wp\/v2\/pages\/520\/revisions\/806"}],"wp:attachment":[{"href":"https:\/\/tamoudahost.com\/welzijnzorgt\/wp-json\/wp\/v2\/media?parent=520"}],"curies":[{"name":"wp","href":"https:\/\/api.w.org\/{rel}","templated":true}]}}